{"id":260,"date":"2023-05-09T16:27:33","date_gmt":"2023-05-09T19:27:33","guid":{"rendered":"https:\/\/www.equilibriodigital.com.br\/deaaztur\/?page_id=260"},"modified":"2023-09-08T12:44:21","modified_gmt":"2023-09-08T15:44:21","slug":"quem-somos","status":"publish","type":"page","link":"https:\/\/www.equilibriodigital.com.br\/deaaztur\/quem-somos\/","title":{"rendered":"Quem Somos"},"content":{"rendered":"\t\t<div data-elementor-type=\"wp-page\" data-elementor-id=\"260\" class=\"elementor elementor-260\" data-elementor-settings=\"[]\">\n\t\t\t\t\t\t\t<div class=\"elementor-section-wrap\">\n\t\t\t\t\t\t\t<section class=\"elementor-section elementor-top-section elementor-element elementor-element-b473e53 elementor-section-boxed elementor-section-height-default elementor-section-height-default\" data-id=\"b473e53\" data-element_type=\"section\" data-settings=\"{&quot;background_background&quot;:&quot;classic&quot;}\">\n\t\t\t\t\t\t<div class=\"elementor-container elementor-column-gap-default\">\n\t\t\t\t\t<div class=\"elementor-column elementor-col-50 elementor-top-column elementor-element elementor-element-51d08f6\" data-id=\"51d08f6\" data-element_type=\"column\">\n\t\t\t<div class=\"elementor-widget-wrap elementor-element-populated\">\n\t\t\t\t\t\t\t\t<div class=\"elementor-element elementor-element-c7163f2 elementor-widget elementor-widget-heading\" data-id=\"c7163f2\" data-element_type=\"widget\" data-widget_type=\"heading.default\">\n\t\t\t\t<div class=\"elementor-widget-container\">\n\t\t\t<h1 class=\"elementor-heading-title elementor-size-default\">Quem Somos<\/h1>\t\t<\/div>\n\t\t\t\t<\/div>\n\t\t\t\t\t<\/div>\n\t\t<\/div>\n\t\t\t\t<div class=\"elementor-column elementor-col-50 elementor-top-column elementor-element elementor-element-80e63af\" data-id=\"80e63af\" data-element_type=\"column\">\n\t\t\t<div class=\"elementor-widget-wrap elementor-element-populated\">\n\t\t\t\t\t\t\t\t<div class=\"elementor-element elementor-element-19b0d70 elementor-widget elementor-widget-text-editor\" data-id=\"19b0d70\" data-element_type=\"widget\" data-widget_type=\"text-editor.default\">\n\t\t\t\t<div class=\"elementor-widget-container\">\n\t\t\t\t\t\t\t<p>Somos a DeAaZTur, uma empresa com mais de 10 anos de experi\u00eancia em facilitar a vida de pessoas que desejam viajar para outros pa\u00edses. Nosso objetivo \u00e9 ajudar nossos clientes a obter a documenta\u00e7\u00e3o necess\u00e1ria para tornar sua viagem poss\u00edvel e tranquila.<\/p>\t\t\t\t\t\t<\/div>\n\t\t\t\t<\/div>\n\t\t\t\t\t<\/div>\n\t\t<\/div>\n\t\t\t\t\t\t\t<\/div>\n\t\t<\/section>\n\t\t\t\t<section class=\"elementor-section elementor-top-section elementor-element elementor-element-b2f44c6 elementor-section-boxed elementor-section-height-default elementor-section-height-default\" data-id=\"b2f44c6\" data-element_type=\"section\">\n\t\t\t\t\t\t<div class=\"elementor-container elementor-column-gap-default\">\n\t\t\t\t\t<div class=\"elementor-column elementor-col-50 elementor-top-column elementor-element elementor-element-002becd\" data-id=\"002becd\" data-element_type=\"column\">\n\t\t\t<div class=\"elementor-widget-wrap elementor-element-populated\">\n\t\t\t\t\t\t\t\t<div class=\"elementor-element elementor-element-8714996 elementor-hidden-desktop elementor-hidden-tablet elementor--h-position-center elementor--v-position-middle elementor-arrows-position-inside elementor-pagination-position-inside elementor-widget elementor-widget-slides\" data-id=\"8714996\" data-element_type=\"widget\" data-settings=\"{&quot;navigation&quot;:&quot;both&quot;,&quot;autoplay&quot;:&quot;yes&quot;,&quot;pause_on_hover&quot;:&quot;yes&quot;,&quot;pause_on_interaction&quot;:&quot;yes&quot;,&quot;autoplay_speed&quot;:5000,&quot;infinite&quot;:&quot;yes&quot;,&quot;transition&quot;:&quot;slide&quot;,&quot;transition_speed&quot;:500}\" data-widget_type=\"slides.default\">\n\t\t\t\t<div class=\"elementor-widget-container\">\n\t\t\t\t\t<div class=\"elementor-swiper\">\n\t\t\t<div class=\"elementor-slides-wrapper elementor-main-swiper swiper-container\" dir=\"ltr\" data-animation=\"\">\n\t\t\t\t<div class=\"swiper-wrapper elementor-slides\">\n\t\t\t\t\t\t\t\t\t\t<div class=\"elementor-repeater-item-fa2a59a swiper-slide\"><div class=\"swiper-slide-bg elementor-ken-burns elementor-ken-burns--in\"><\/div><div class=\"swiper-slide-inner\" ><div class=\"swiper-slide-contents\"><\/div><\/div><\/div><div class=\"elementor-repeater-item-89af55b swiper-slide\"><div class=\"swiper-slide-bg elementor-ken-burns elementor-ken-burns--out\"><\/div><div class=\"swiper-slide-inner\" ><div class=\"swiper-slide-contents\"><\/div><\/div><\/div><div class=\"elementor-repeater-item-288c3f1 swiper-slide\"><div class=\"swiper-slide-bg elementor-ken-burns elementor-ken-burns--out\"><\/div><div class=\"swiper-slide-inner\" ><div class=\"swiper-slide-contents\"><\/div><\/div><\/div><div class=\"elementor-repeater-item-138ce50 swiper-slide\"><div class=\"swiper-slide-bg elementor-ken-burns elementor-ken-burns--out\"><\/div><div class=\"swiper-slide-inner\" ><div class=\"swiper-slide-contents\"><\/div><\/div><\/div><div class=\"elementor-repeater-item-64a5a4b swiper-slide\"><div class=\"swiper-slide-bg elementor-ken-burns elementor-ken-burns--out\"><\/div><div class=\"swiper-slide-inner\" ><div class=\"swiper-slide-contents\"><\/div><\/div><\/div>\t\t\t\t<\/div>\n\t\t\t\t\t\t\t\t\t\t\t\t\t\t\t<div class=\"swiper-pagination\"><\/div>\n\t\t\t\t\t\t\t\t\t\t\t\t\t\t\t\t<div class=\"elementor-swiper-button elementor-swiper-button-prev\">\n\t\t\t\t\t\t\t<i aria-hidden=\"true\" class=\"eicon-chevron-left\"><\/i>\t\t\t\t\t\t\t<span class=\"elementor-screen-only\">Previous<\/span>\n\t\t\t\t\t\t<\/div>\n\t\t\t\t\t\t<div class=\"elementor-swiper-button elementor-swiper-button-next\">\n\t\t\t\t\t\t\t<i aria-hidden=\"true\" class=\"eicon-chevron-right\"><\/i>\t\t\t\t\t\t\t<span class=\"elementor-screen-only\">Next<\/span>\n\t\t\t\t\t\t<\/div>\n\t\t\t\t\t\t\t\t\t\t\t\t<\/div>\n\t\t<\/div>\n\t\t\t\t<\/div>\n\t\t\t\t<\/div>\n\t\t\t\t<div class=\"elementor-element elementor-element-de151e5 elementor-widget elementor-widget-text-editor\" data-id=\"de151e5\" data-element_type=\"widget\" data-widget_type=\"text-editor.default\">\n\t\t\t\t<div class=\"elementor-widget-container\">\n\t\t\t\t\t\t\t<p>Oferecemos uma ampla gama de servi\u00e7os que incluem passaportes, vistos consulares, cidadania portuguesa, autoriza\u00e7\u00f5es ESTA e eTA, Permiss\u00e3o Internacional para Dirigir (PID), entre outros. Sabemos que o processo de obten\u00e7\u00e3o desses documentos pode ser complicado e demorado, e \u00e9 por isso que estamos aqui para ajudar.<\/p>\n<p>Nossa equipe de profissionais altamente treinados e experientes trabalha incansavelmente para garantir que nossos clientes recebam o melhor atendimento e obtenham seus documentos dentro dos prazos estabelecidos. Com a DeAaZTur, voc\u00ea pode ter certeza de que seus documentos ser\u00e3o processados com rapidez e efici\u00eancia.<\/p>\n<p>Al\u00e9m disso, estamos sempre atualizados com as mudan\u00e7as nas leis e regulamentos de viagem em todo o mundo, para garantir que possamos fornecer informa\u00e7\u00f5es precisas e atualizadas aos nossos clientes.<\/p>\n<p>Nosso compromisso \u00e9 tornar a sua viagem o mais f\u00e1cil poss\u00edvel e sem estresse, permitindo que voc\u00ea aproveite ao m\u00e1ximo sua experi\u00eancia no exterior.<\/p>\t\t\t\t\t\t<\/div>\n\t\t\t\t<\/div>\n\t\t\t\t\t<\/div>\n\t\t<\/div>\n\t\t\t\t<div class=\"elementor-column elementor-col-50 elementor-top-column elementor-element elementor-element-a9d1c06\" data-id=\"a9d1c06\" data-element_type=\"column\">\n\t\t\t<div class=\"elementor-widget-wrap elementor-element-populated\">\n\t\t\t\t\t\t\t\t<div class=\"elementor-element elementor-element-4d53fb1 elementor-hidden-mobile elementor--h-position-center elementor--v-position-middle elementor-arrows-position-inside elementor-pagination-position-inside elementor-widget elementor-widget-slides\" data-id=\"4d53fb1\" data-element_type=\"widget\" data-settings=\"{&quot;navigation&quot;:&quot;both&quot;,&quot;autoplay&quot;:&quot;yes&quot;,&quot;pause_on_hover&quot;:&quot;yes&quot;,&quot;pause_on_interaction&quot;:&quot;yes&quot;,&quot;autoplay_speed&quot;:5000,&quot;infinite&quot;:&quot;yes&quot;,&quot;transition&quot;:&quot;slide&quot;,&quot;transition_speed&quot;:500}\" data-widget_type=\"slides.default\">\n\t\t\t\t<div class=\"elementor-widget-container\">\n\t\t\t\t\t<div class=\"elementor-swiper\">\n\t\t\t<div class=\"elementor-slides-wrapper elementor-main-swiper swiper-container\" dir=\"ltr\" data-animation=\"\">\n\t\t\t\t<div class=\"swiper-wrapper elementor-slides\">\n\t\t\t\t\t\t\t\t\t\t<div class=\"elementor-repeater-item-7f26cd2 swiper-slide\"><div class=\"swiper-slide-bg elementor-ken-burns elementor-ken-burns--in\"><\/div><div class=\"swiper-slide-inner\" ><div class=\"swiper-slide-contents\"><\/div><\/div><\/div><div class=\"elementor-repeater-item-ba32d06 swiper-slide\"><div class=\"swiper-slide-bg elementor-ken-burns elementor-ken-burns--in\"><\/div><div class=\"swiper-slide-inner\" ><div class=\"swiper-slide-contents\"><\/div><\/div><\/div><div class=\"elementor-repeater-item-89af55b swiper-slide\"><div class=\"swiper-slide-bg elementor-ken-burns elementor-ken-burns--out\"><\/div><div class=\"swiper-slide-inner\" ><div class=\"swiper-slide-contents\"><\/div><\/div><\/div><div class=\"elementor-repeater-item-b6719c1 swiper-slide\"><div class=\"swiper-slide-bg elementor-ken-burns elementor-ken-burns--in\"><\/div><div class=\"swiper-slide-inner\" ><div class=\"swiper-slide-contents\"><\/div><\/div><\/div><div class=\"elementor-repeater-item-138ce50 swiper-slide\"><div class=\"swiper-slide-bg elementor-ken-burns elementor-ken-burns--out\"><\/div><div class=\"swiper-slide-inner\" ><div class=\"swiper-slide-contents\"><\/div><\/div><\/div>\t\t\t\t<\/div>\n\t\t\t\t\t\t\t\t\t\t\t\t\t\t\t<div class=\"swiper-pagination\"><\/div>\n\t\t\t\t\t\t\t\t\t\t\t\t\t\t\t\t<div class=\"elementor-swiper-button elementor-swiper-button-prev\">\n\t\t\t\t\t\t\t<i aria-hidden=\"true\" class=\"eicon-chevron-left\"><\/i>\t\t\t\t\t\t\t<span class=\"elementor-screen-only\">Previous<\/span>\n\t\t\t\t\t\t<\/div>\n\t\t\t\t\t\t<div class=\"elementor-swiper-button elementor-swiper-button-next\">\n\t\t\t\t\t\t\t<i aria-hidden=\"true\" class=\"eicon-chevron-right\"><\/i>\t\t\t\t\t\t\t<span class=\"elementor-screen-only\">Next<\/span>\n\t\t\t\t\t\t<\/div>\n\t\t\t\t\t\t\t\t\t\t\t\t<\/div>\n\t\t<\/div>\n\t\t\t\t<\/div>\n\t\t\t\t<\/div>\n\t\t\t\t<div class=\"elementor-element elementor-element-af6b7c3 elementor-widget elementor-widget-heading\" data-id=\"af6b7c3\" data-element_type=\"widget\" data-widget_type=\"heading.default\">\n\t\t\t\t<div class=\"elementor-widget-container\">\n\t\t\t<h3 class=\"elementor-heading-title elementor-size-default\">Confie na <strong>DeAaZTur<\/strong> para ajud\u00e1-lo a tornar sua pr\u00f3xima viagem uma realidade!<\/h3>\t\t<\/div>\n\t\t\t\t<\/div>\n\t\t\t\t\t<\/div>\n\t\t<\/div>\n\t\t\t\t\t\t\t<\/div>\n\t\t<\/section>\n\t\t\t\t\t\t<\/div>\n\t\t\t\t\t<\/div>\n\t\t","protected":false},"excerpt":{"rendered":"<p>Quem Somos Somos a DeAaZTur, uma empresa com mais de 10 anos de experi\u00eancia em facilitar a vida de pessoas que desejam viajar para outros pa\u00edses. Nosso objetivo \u00e9 ajudar nossos clientes a obter a documenta\u00e7\u00e3o necess\u00e1ria para tornar sua viagem poss\u00edvel e tranquila. Previous Next Oferecemos uma ampla gama de servi\u00e7os que incluem passaportes, [&hellip;]<\/p>\n","protected":false},"author":1,"featured_media":514,"parent":0,"menu_order":0,"comment_status":"closed","ping_status":"closed","template":"","meta":{"site-sidebar-layout":"no-sidebar","site-content-layout":"page-builder","ast-site-content-layout":"","site-content-style":"default","site-sidebar-style":"default","ast-global-header-display":"","ast-banner-title-visibility":"","ast-main-header-display":"","ast-hfb-above-header-display":"","ast-hfb-below-header-display":"","ast-hfb-mobile-header-display":"","site-post-title":"disabled","ast-breadcrumbs-content":"","ast-featured-img":"disabled","footer-sml-layout":"","theme-transparent-header-meta":"default","adv-header-id-meta":"","stick-header-meta":"","header-above-stick-meta":"","header-main-stick-meta":"","header-below-stick-meta":"","astra-migrate-meta-layouts":"default","ast-page-background-enabled":"default","ast-page-background-meta":{"desktop":{"background-color":"var(--ast-global-color-4)","background-image":"","background-repeat":"repeat","background-position":"center center","background-size":"auto","background-attachment":"scroll","background-type":"","background-media":"","overlay-type":"","overlay-color":"","overlay-opacity":"","overlay-gradient":""},"tablet":{"background-color":"","background-image":"","background-repeat":"repeat","background-position":"center center","background-size":"auto","background-attachment":"scroll","background-type":"","background-media":"","overlay-type":"","overlay-color":"","overlay-opacity":"","overlay-gradient":""},"mobile":{"background-color":"","background-image":"","background-repeat":"repeat","background-position":"center center","background-size":"auto","background-attachment":"scroll","background-type":"","background-media":"","overlay-type":"","overlay-color":"","overlay-opacity":"","overlay-gradient":""}},"ast-content-background-meta":{"desktop":{"background-color":"var(--ast-global-color-5)","background-image":"","background-repeat":"repeat","background-position":"center center","background-size":"auto","background-attachment":"scroll","background-type":"","background-media":"","overlay-type":"","overlay-color":"","overlay-opacity":"","overlay-gradient":""},"tablet":{"background-color":"var(--ast-global-color-5)","background-image":"","background-repeat":"repeat","background-position":"center center","background-size":"auto","background-attachment":"scroll","background-type":"","background-media":"","overlay-type":"","overlay-color":"","overlay-opacity":"","overlay-gradient":""},"mobile":{"background-color":"var(--ast-global-color-5)","background-image":"","background-repeat":"repeat","background-position":"center center","background-size":"auto","background-attachment":"scroll","background-type":"","background-media":"","overlay-type":"","overlay-color":"","overlay-opacity":"","overlay-gradient":""}},"footnotes":""},"class_list":["post-260","page","type-page","status-publish","has-post-thumbnail","hentry"],"yoast_head":"<!-- This site is optimized with the Yoast SEO plugin v27.3 - https:\/\/yoast.com\/product\/yoast-seo-wordpress\/ -->\n<title>Quem Somos - DeAaZTur<\/title>\n<meta name=\"description\" content=\"Experi\u00eancia em facilitar viajar para outros pa\u00edses. Ajudar a obter a documenta\u00e7\u00e3o necess\u00e1ria para tornar sua viagem poss\u00edvel e tranquila.\" \/>\n<meta name=\"robots\" content=\"index, follow, max-snippet:-1, max-image-preview:large, max-video-preview:-1\" \/>\n<link rel=\"canonical\" href=\"https:\/\/www.equilibriodigital.com.br\/deaaztur\/quem-somos\/\" \/>\n<meta property=\"og:locale\" content=\"pt_BR\" \/>\n<meta property=\"og:type\" content=\"article\" \/>\n<meta property=\"og:title\" content=\"Quem Somos - DeAaZTur\" \/>\n<meta property=\"og:description\" content=\"Experi\u00eancia em facilitar viajar para outros pa\u00edses. Ajudar a obter a documenta\u00e7\u00e3o necess\u00e1ria para tornar sua viagem poss\u00edvel e tranquila.\" \/>\n<meta property=\"og:url\" content=\"https:\/\/www.equilibriodigital.com.br\/deaaztur\/quem-somos\/\" \/>\n<meta property=\"og:site_name\" content=\"DeAaZTur\" \/>\n<meta property=\"article:publisher\" content=\"https:\/\/web.facebook.com\/1524130777852347\" \/>\n<meta property=\"article:modified_time\" content=\"2023-09-08T15:44:21+00:00\" \/>\n<meta property=\"og:image\" content=\"https:\/\/www.equilibriodigital.com.br\/deaaztur\/wp-content\/uploads\/2023\/05\/0004a.jpg\" \/>\n\t<meta property=\"og:image:width\" content=\"510\" \/>\n\t<meta property=\"og:image:height\" content=\"461\" \/>\n\t<meta property=\"og:image:type\" content=\"image\/jpeg\" \/>\n<meta name=\"twitter:card\" content=\"summary_large_image\" \/>\n<meta name=\"twitter:title\" content=\"Quem somos\" \/>\n<meta name=\"twitter:description\" content=\"Experi\u00eancia em facilitar viajar para outros pa\u00edses. Ajudar a obter a documenta\u00e7\u00e3o necess\u00e1ria para tornar sua viagem poss\u00edvel e tranquila.\" \/>\n<meta name=\"twitter:image\" content=\"https:\/\/www.equilibriodigital.com.br\/deaaztur\/wp-content\/uploads\/2023\/05\/0004b.jpg\" \/>\n<meta name=\"twitter:label1\" content=\"Est. tempo de leitura\" \/>\n\t<meta name=\"twitter:data1\" content=\"2 minutos\" \/>\n<script type=\"application\/ld+json\" class=\"yoast-schema-graph\">{\"@context\":\"https:\\\/\\\/schema.org\",\"@graph\":[{\"@type\":\"WebPage\",\"@id\":\"https:\\\/\\\/www.equilibriodigital.com.br\\\/deaaztur\\\/quem-somos\\\/\",\"url\":\"https:\\\/\\\/www.equilibriodigital.com.br\\\/deaaztur\\\/quem-somos\\\/\",\"name\":\"Quem Somos - DeAaZTur\",\"isPartOf\":{\"@id\":\"https:\\\/\\\/www.equilibriodigital.com.br\\\/deaaztur\\\/#website\"},\"primaryImageOfPage\":{\"@id\":\"https:\\\/\\\/www.equilibriodigital.com.br\\\/deaaztur\\\/quem-somos\\\/#primaryimage\"},\"image\":{\"@id\":\"https:\\\/\\\/www.equilibriodigital.com.br\\\/deaaztur\\\/quem-somos\\\/#primaryimage\"},\"thumbnailUrl\":\"https:\\\/\\\/www.equilibriodigital.com.br\\\/deaaztur\\\/wp-content\\\/uploads\\\/2023\\\/05\\\/0004-1.jpg\",\"datePublished\":\"2023-05-09T19:27:33+00:00\",\"dateModified\":\"2023-09-08T15:44:21+00:00\",\"description\":\"Experi\u00eancia em facilitar viajar para outros pa\u00edses. Ajudar a obter a documenta\u00e7\u00e3o necess\u00e1ria para tornar sua viagem poss\u00edvel e tranquila.\",\"breadcrumb\":{\"@id\":\"https:\\\/\\\/www.equilibriodigital.com.br\\\/deaaztur\\\/quem-somos\\\/#breadcrumb\"},\"inLanguage\":\"pt-BR\",\"potentialAction\":[{\"@type\":\"ReadAction\",\"target\":[\"https:\\\/\\\/www.equilibriodigital.com.br\\\/deaaztur\\\/quem-somos\\\/\"]}]},{\"@type\":\"ImageObject\",\"inLanguage\":\"pt-BR\",\"@id\":\"https:\\\/\\\/www.equilibriodigital.com.br\\\/deaaztur\\\/quem-somos\\\/#primaryimage\",\"url\":\"https:\\\/\\\/www.equilibriodigital.com.br\\\/deaaztur\\\/wp-content\\\/uploads\\\/2023\\\/05\\\/0004-1.jpg\",\"contentUrl\":\"https:\\\/\\\/www.equilibriodigital.com.br\\\/deaaztur\\\/wp-content\\\/uploads\\\/2023\\\/05\\\/0004-1.jpg\",\"width\":900,\"height\":461},{\"@type\":\"BreadcrumbList\",\"@id\":\"https:\\\/\\\/www.equilibriodigital.com.br\\\/deaaztur\\\/quem-somos\\\/#breadcrumb\",\"itemListElement\":[{\"@type\":\"ListItem\",\"position\":1,\"name\":\"In\u00edcio\",\"item\":\"https:\\\/\\\/www.equilibriodigital.com.br\\\/deaaztur\\\/\"},{\"@type\":\"ListItem\",\"position\":2,\"name\":\"Quem Somos\"}]},{\"@type\":\"WebSite\",\"@id\":\"https:\\\/\\\/www.equilibriodigital.com.br\\\/deaaztur\\\/#website\",\"url\":\"https:\\\/\\\/www.equilibriodigital.com.br\\\/deaaztur\\\/\",\"name\":\"DeAaZTur\",\"description\":\"Assessoria em documenta\u00e7\u00e3o tur\u00edstica\",\"publisher\":{\"@id\":\"https:\\\/\\\/www.equilibriodigital.com.br\\\/deaaztur\\\/#organization\"},\"potentialAction\":[{\"@type\":\"SearchAction\",\"target\":{\"@type\":\"EntryPoint\",\"urlTemplate\":\"https:\\\/\\\/www.equilibriodigital.com.br\\\/deaaztur\\\/?s={search_term_string}\"},\"query-input\":{\"@type\":\"PropertyValueSpecification\",\"valueRequired\":true,\"valueName\":\"search_term_string\"}}],\"inLanguage\":\"pt-BR\"},{\"@type\":\"Organization\",\"@id\":\"https:\\\/\\\/www.equilibriodigital.com.br\\\/deaaztur\\\/#organization\",\"name\":\"DeAaZTur\",\"url\":\"https:\\\/\\\/www.equilibriodigital.com.br\\\/deaaztur\\\/\",\"logo\":{\"@type\":\"ImageObject\",\"inLanguage\":\"pt-BR\",\"@id\":\"https:\\\/\\\/www.equilibriodigital.com.br\\\/deaaztur\\\/#\\\/schema\\\/logo\\\/image\\\/\",\"url\":\"https:\\\/\\\/www.equilibriodigital.com.br\\\/deaaztur\\\/wp-content\\\/uploads\\\/2023\\\/04\\\/logo_rodape.png\",\"contentUrl\":\"https:\\\/\\\/www.equilibriodigital.com.br\\\/deaaztur\\\/wp-content\\\/uploads\\\/2023\\\/04\\\/logo_rodape.png\",\"width\":244,\"height\":149,\"caption\":\"DeAaZTur\"},\"image\":{\"@id\":\"https:\\\/\\\/www.equilibriodigital.com.br\\\/deaaztur\\\/#\\\/schema\\\/logo\\\/image\\\/\"},\"sameAs\":[\"https:\\\/\\\/web.facebook.com\\\/1524130777852347\"]}]}<\/script>\n<!-- \/ Yoast SEO plugin. -->","yoast_head_json":{"title":"Quem Somos - DeAaZTur","description":"Experi\u00eancia em facilitar viajar para outros pa\u00edses. Ajudar a obter a documenta\u00e7\u00e3o necess\u00e1ria para tornar sua viagem poss\u00edvel e tranquila.","robots":{"index":"index","follow":"follow","max-snippet":"max-snippet:-1","max-image-preview":"max-image-preview:large","max-video-preview":"max-video-preview:-1"},"canonical":"https:\/\/www.equilibriodigital.com.br\/deaaztur\/quem-somos\/","og_locale":"pt_BR","og_type":"article","og_title":"Quem Somos - DeAaZTur","og_description":"Experi\u00eancia em facilitar viajar para outros pa\u00edses. Ajudar a obter a documenta\u00e7\u00e3o necess\u00e1ria para tornar sua viagem poss\u00edvel e tranquila.","og_url":"https:\/\/www.equilibriodigital.com.br\/deaaztur\/quem-somos\/","og_site_name":"DeAaZTur","article_publisher":"https:\/\/web.facebook.com\/1524130777852347","article_modified_time":"2023-09-08T15:44:21+00:00","og_image":[{"width":510,"height":461,"url":"https:\/\/www.equilibriodigital.com.br\/deaaztur\/wp-content\/uploads\/2023\/05\/0004a.jpg","type":"image\/jpeg"}],"twitter_card":"summary_large_image","twitter_title":"Quem somos","twitter_description":"Experi\u00eancia em facilitar viajar para outros pa\u00edses. Ajudar a obter a documenta\u00e7\u00e3o necess\u00e1ria para tornar sua viagem poss\u00edvel e tranquila.","twitter_image":"https:\/\/www.equilibriodigital.com.br\/deaaztur\/wp-content\/uploads\/2023\/05\/0004b.jpg","twitter_misc":{"Est. tempo de leitura":"2 minutos"},"schema":{"@context":"https:\/\/schema.org","@graph":[{"@type":"WebPage","@id":"https:\/\/www.equilibriodigital.com.br\/deaaztur\/quem-somos\/","url":"https:\/\/www.equilibriodigital.com.br\/deaaztur\/quem-somos\/","name":"Quem Somos - DeAaZTur","isPartOf":{"@id":"https:\/\/www.equilibriodigital.com.br\/deaaztur\/#website"},"primaryImageOfPage":{"@id":"https:\/\/www.equilibriodigital.com.br\/deaaztur\/quem-somos\/#primaryimage"},"image":{"@id":"https:\/\/www.equilibriodigital.com.br\/deaaztur\/quem-somos\/#primaryimage"},"thumbnailUrl":"https:\/\/www.equilibriodigital.com.br\/deaaztur\/wp-content\/uploads\/2023\/05\/0004-1.jpg","datePublished":"2023-05-09T19:27:33+00:00","dateModified":"2023-09-08T15:44:21+00:00","description":"Experi\u00eancia em facilitar viajar para outros pa\u00edses. Ajudar a obter a documenta\u00e7\u00e3o necess\u00e1ria para tornar sua viagem poss\u00edvel e tranquila.","breadcrumb":{"@id":"https:\/\/www.equilibriodigital.com.br\/deaaztur\/quem-somos\/#breadcrumb"},"inLanguage":"pt-BR","potentialAction":[{"@type":"ReadAction","target":["https:\/\/www.equilibriodigital.com.br\/deaaztur\/quem-somos\/"]}]},{"@type":"ImageObject","inLanguage":"pt-BR","@id":"https:\/\/www.equilibriodigital.com.br\/deaaztur\/quem-somos\/#primaryimage","url":"https:\/\/www.equilibriodigital.com.br\/deaaztur\/wp-content\/uploads\/2023\/05\/0004-1.jpg","contentUrl":"https:\/\/www.equilibriodigital.com.br\/deaaztur\/wp-content\/uploads\/2023\/05\/0004-1.jpg","width":900,"height":461},{"@type":"BreadcrumbList","@id":"https:\/\/www.equilibriodigital.com.br\/deaaztur\/quem-somos\/#breadcrumb","itemListElement":[{"@type":"ListItem","position":1,"name":"In\u00edcio","item":"https:\/\/www.equilibriodigital.com.br\/deaaztur\/"},{"@type":"ListItem","position":2,"name":"Quem Somos"}]},{"@type":"WebSite","@id":"https:\/\/www.equilibriodigital.com.br\/deaaztur\/#website","url":"https:\/\/www.equilibriodigital.com.br\/deaaztur\/","name":"DeAaZTur","description":"Assessoria em documenta\u00e7\u00e3o tur\u00edstica","publisher":{"@id":"https:\/\/www.equilibriodigital.com.br\/deaaztur\/#organization"},"potentialAction":[{"@type":"SearchAction","target":{"@type":"EntryPoint","urlTemplate":"https:\/\/www.equilibriodigital.com.br\/deaaztur\/?s={search_term_string}"},"query-input":{"@type":"PropertyValueSpecification","valueRequired":true,"valueName":"search_term_string"}}],"inLanguage":"pt-BR"},{"@type":"Organization","@id":"https:\/\/www.equilibriodigital.com.br\/deaaztur\/#organization","name":"DeAaZTur","url":"https:\/\/www.equilibriodigital.com.br\/deaaztur\/","logo":{"@type":"ImageObject","inLanguage":"pt-BR","@id":"https:\/\/www.equilibriodigital.com.br\/deaaztur\/#\/schema\/logo\/image\/","url":"https:\/\/www.equilibriodigital.com.br\/deaaztur\/wp-content\/uploads\/2023\/04\/logo_rodape.png","contentUrl":"https:\/\/www.equilibriodigital.com.br\/deaaztur\/wp-content\/uploads\/2023\/04\/logo_rodape.png","width":244,"height":149,"caption":"DeAaZTur"},"image":{"@id":"https:\/\/www.equilibriodigital.com.br\/deaaztur\/#\/schema\/logo\/image\/"},"sameAs":["https:\/\/web.facebook.com\/1524130777852347"]}]}},"_links":{"self":[{"href":"https:\/\/www.equilibriodigital.com.br\/deaaztur\/wp-json\/wp\/v2\/pages\/260","targetHints":{"allow":["GET"]}}],"collection":[{"href":"https:\/\/www.equilibriodigital.com.br\/deaaztur\/wp-json\/wp\/v2\/pages"}],"about":[{"href":"https:\/\/www.equilibriodigital.com.br\/deaaztur\/wp-json\/wp\/v2\/types\/page"}],"author":[{"embeddable":true,"href":"https:\/\/www.equilibriodigital.com.br\/deaaztur\/wp-json\/wp\/v2\/users\/1"}],"replies":[{"embeddable":true,"href":"https:\/\/www.equilibriodigital.com.br\/deaaztur\/wp-json\/wp\/v2\/comments?post=260"}],"version-history":[{"count":76,"href":"https:\/\/www.equilibriodigital.com.br\/deaaztur\/wp-json\/wp\/v2\/pages\/260\/revisions"}],"predecessor-version":[{"id":1104,"href":"https:\/\/www.equilibriodigital.com.br\/deaaztur\/wp-json\/wp\/v2\/pages\/260\/revisions\/1104"}],"wp:featuredmedia":[{"embeddable":true,"href":"https:\/\/www.equilibriodigital.com.br\/deaaztur\/wp-json\/wp\/v2\/media\/514"}],"wp:attachment":[{"href":"https:\/\/www.equilibriodigital.com.br\/deaaztur\/wp-json\/wp\/v2\/media?parent=260"}],"curies":[{"name":"wp","href":"https:\/\/api.w.org\/{rel}","templated":true}]}}