{"id":438,"date":"2023-05-16T17:44:13","date_gmt":"2023-05-16T20:44:13","guid":{"rendered":"https:\/\/www.equilibriodigital.com.br\/deaaztur\/?page_id=438"},"modified":"2023-05-16T18:06:07","modified_gmt":"2023-05-16T21:06:07","slug":"blog","status":"publish","type":"page","link":"https:\/\/www.equilibriodigital.com.br\/deaaztur\/blog\/","title":{"rendered":"Blog"},"content":{"rendered":"\t\t<div data-elementor-type=\"wp-page\" data-elementor-id=\"438\" class=\"elementor elementor-438\" data-elementor-settings=\"[]\">\n\t\t\t\t\t\t\t<div class=\"elementor-section-wrap\">\n\t\t\t\t\t\t\t<section class=\"elementor-section elementor-top-section elementor-element elementor-element-2849e282 elementor-section-boxed elementor-section-height-default elementor-section-height-default\" data-id=\"2849e282\" data-element_type=\"section\" data-settings=\"{&quot;background_background&quot;:&quot;classic&quot;}\">\n\t\t\t\t\t\t<div class=\"elementor-container elementor-column-gap-default\">\n\t\t\t\t\t<div class=\"elementor-column elementor-col-100 elementor-top-column elementor-element elementor-element-254e2e11\" data-id=\"254e2e11\" data-element_type=\"column\">\n\t\t\t<div class=\"elementor-widget-wrap elementor-element-populated\">\n\t\t\t\t\t\t\t\t<div class=\"elementor-element elementor-element-3902114b elementor-widget elementor-widget-heading\" data-id=\"3902114b\" data-element_type=\"widget\" data-widget_type=\"heading.default\">\n\t\t\t\t<div class=\"elementor-widget-container\">\n\t\t\t<h1 class=\"elementor-heading-title elementor-size-default\">Blog<\/h1>\t\t<\/div>\n\t\t\t\t<\/div>\n\t\t\t\t<div class=\"elementor-element elementor-element-67ab2579 elementor-widget elementor-widget-text-editor\" data-id=\"67ab2579\" data-element_type=\"widget\" data-widget_type=\"text-editor.default\">\n\t\t\t\t<div class=\"elementor-widget-container\">\n\t\t\t\t\t\t\t\t\t\t\t\t\t<\/div>\n\t\t\t\t<\/div>\n\t\t\t\t\t<\/div>\n\t\t<\/div>\n\t\t\t\t\t\t\t<\/div>\n\t\t<\/section>\n\t\t\t\t<section class=\"elementor-section elementor-top-section elementor-element elementor-element-2755485 elementor-section-boxed elementor-section-height-default elementor-section-height-default\" data-id=\"2755485\" data-element_type=\"section\">\n\t\t\t\t\t\t<div class=\"elementor-container elementor-column-gap-default\">\n\t\t\t\t\t<div class=\"elementor-column elementor-col-100 elementor-top-column elementor-element elementor-element-fef3c26\" data-id=\"fef3c26\" data-element_type=\"column\">\n\t\t\t<div class=\"elementor-widget-wrap elementor-element-populated\">\n\t\t\t\t\t\t\t\t<div class=\"elementor-element elementor-element-abb8855 elementor-grid-3 elementor-grid-tablet-2 elementor-grid-mobile-1 elementor-posts--thumbnail-top elementor-widget elementor-widget-posts\" data-id=\"abb8855\" data-element_type=\"widget\" data-settings=\"{&quot;classic_columns&quot;:&quot;3&quot;,&quot;classic_columns_tablet&quot;:&quot;2&quot;,&quot;classic_columns_mobile&quot;:&quot;1&quot;,&quot;classic_row_gap&quot;:{&quot;unit&quot;:&quot;px&quot;,&quot;size&quot;:35,&quot;sizes&quot;:[]},&quot;classic_row_gap_tablet&quot;:{&quot;unit&quot;:&quot;px&quot;,&quot;size&quot;:&quot;&quot;,&quot;sizes&quot;:[]},&quot;classic_row_gap_mobile&quot;:{&quot;unit&quot;:&quot;px&quot;,&quot;size&quot;:&quot;&quot;,&quot;sizes&quot;:[]}}\" data-widget_type=\"posts.classic\">\n\t\t\t\t<div class=\"elementor-widget-container\">\n\t\t\t\t\t<div class=\"elementor-posts-container elementor-posts elementor-posts--skin-classic elementor-grid\">\n\t\t\t\t<article class=\"elementor-post elementor-grid-item post-444 post type-post status-publish format-standard has-post-thumbnail hentry category-blog\">\n\t\t\t\t<a class=\"elementor-post__thumbnail__link\" href=\"https:\/\/www.equilibriodigital.com.br\/deaaztur\/2023\/05\/16\/novo-site-deaaztur\/\" >\n\t\t\t<div class=\"elementor-post__thumbnail\"><img loading=\"lazy\" decoding=\"async\" width=\"1024\" height=\"683\" src=\"https:\/\/www.equilibriodigital.com.br\/deaaztur\/wp-content\/uploads\/2023\/05\/mulher-de-negocios-mao-com-graficos-financeiros-e-telefone-celular-sobre-o-laptop-na-mesa-edit-1024x683.jpg\" class=\"attachment-large size-large\" alt=\"\" \/><\/div>\n\t\t<\/a>\n\t\t\t\t<div class=\"elementor-post__text\">\n\t\t\t\t<h3 class=\"elementor-post__title\">\n\t\t\t<a href=\"https:\/\/www.equilibriodigital.com.br\/deaaztur\/2023\/05\/16\/novo-site-deaaztur\/\" >\n\t\t\t\tNovo Site DeAaZTur\t\t\t<\/a>\n\t\t<\/h3>\n\t\t\t\t<div class=\"elementor-post__meta-data\">\n\t\t\t\t\t<span class=\"elementor-post-date\">\n\t\t\t16 de maio de 2023\t\t<\/span>\n\t\t\t\t<\/div>\n\t\t\t\t<div class=\"elementor-post__excerpt\">\n\t\t\t<p>Bem vindo ao nosso novo site.<\/p>\n\t\t<\/div>\n\t\t\t\t\t<a class=\"elementor-post__read-more\" href=\"https:\/\/www.equilibriodigital.com.br\/deaaztur\/2023\/05\/16\/novo-site-deaaztur\/\" >\n\t\t\t\tContinuar lendo [ + ]\t\t\t<\/a>\n\t\t\t\t<\/div>\n\t\t\t\t<\/article>\n\t\t\t\t<article class=\"elementor-post elementor-grid-item post-436 post type-post status-publish format-standard has-post-thumbnail hentry category-blog\">\n\t\t\t\t<a class=\"elementor-post__thumbnail__link\" href=\"https:\/\/www.equilibriodigital.com.br\/deaaztur\/2023\/05\/16\/bem-vindo\/\" >\n\t\t\t<div class=\"elementor-post__thumbnail\"><img loading=\"lazy\" decoding=\"async\" width=\"900\" height=\"461\" src=\"https:\/\/www.equilibriodigital.com.br\/deaaztur\/wp-content\/uploads\/2023\/05\/0004-1.jpg\" class=\"attachment-large size-large\" alt=\"\" \/><\/div>\n\t\t<\/a>\n\t\t\t\t<div class=\"elementor-post__text\">\n\t\t\t\t<h3 class=\"elementor-post__title\">\n\t\t\t<a href=\"https:\/\/www.equilibriodigital.com.br\/deaaztur\/2023\/05\/16\/bem-vindo\/\" >\n\t\t\t\tBem vindo!\t\t\t<\/a>\n\t\t<\/h3>\n\t\t\t\t<div class=\"elementor-post__meta-data\">\n\t\t\t\t\t<span class=\"elementor-post-date\">\n\t\t\t16 de maio de 2023\t\t<\/span>\n\t\t\t\t<\/div>\n\t\t\t\t<div class=\"elementor-post__excerpt\">\n\t\t\t<p>Seja muito bem vindo a ao nosso blog. Muito em breve teremos novidades aqui para voc\u00ea. &nbsp;<\/p>\n\t\t<\/div>\n\t\t\t\t\t<a class=\"elementor-post__read-more\" href=\"https:\/\/www.equilibriodigital.com.br\/deaaztur\/2023\/05\/16\/bem-vindo\/\" >\n\t\t\t\tContinuar lendo [ + ]\t\t\t<\/a>\n\t\t\t\t<\/div>\n\t\t\t\t<\/article>\n\t\t\t\t<\/div>\n\n\n\t\t\n\t\t\t\t<\/div>\n\t\t\t\t<\/div>\n\t\t\t\t\t<\/div>\n\t\t<\/div>\n\t\t\t\t\t\t\t<\/div>\n\t\t<\/section>\n\t\t\t\t\t\t<\/div>\n\t\t\t\t\t<\/div>\n\t\t","protected":false},"excerpt":{"rendered":"<p>Blog<\/p>\n","protected":false},"author":1,"featured_media":0,"parent":0,"menu_order":0,"comment_status":"closed","ping_status":"closed","template":"","meta":{"site-sidebar-layout":"no-sidebar","site-content-layout":"page-builder","ast-site-content-layout":"","site-content-style":"default","site-sidebar-style":"default","ast-global-header-display":"","ast-banner-title-visibility":"","ast-main-header-display":"","ast-hfb-above-header-display":"","ast-hfb-below-header-display":"","ast-hfb-mobile-header-display":"","site-post-title":"disabled","ast-breadcrumbs-content":"","ast-featured-img":"disabled","footer-sml-layout":"","theme-transparent-header-meta":"default","adv-header-id-meta":"","stick-header-meta":"","header-above-stick-meta":"","header-main-stick-meta":"","header-below-stick-meta":"","astra-migrate-meta-layouts":"default","ast-page-background-enabled":"default","ast-page-background-meta":{"desktop":{"background-color":"var(--ast-global-color-4)","background-image":"","background-repeat":"repeat","background-position":"center center","background-size":"auto","background-attachment":"scroll","background-type":"","background-media":"","overlay-type":"","overlay-color":"","overlay-opacity":"","overlay-gradient":""},"tablet":{"background-color":"","background-image":"","background-repeat":"repeat","background-position":"center center","background-size":"auto","background-attachment":"scroll","background-type":"","background-media":"","overlay-type":"","overlay-color":"","overlay-opacity":"","overlay-gradient":""},"mobile":{"background-color":"","background-image":"","background-repeat":"repeat","background-position":"center center","background-size":"auto","background-attachment":"scroll","background-type":"","background-media":"","overlay-type":"","overlay-color":"","overlay-opacity":"","overlay-gradient":""}},"ast-content-background-meta":{"desktop":{"background-color":"var(--ast-global-color-5)","background-image":"","background-repeat":"repeat","background-position":"center center","background-size":"auto","background-attachment":"scroll","background-type":"","background-media":"","overlay-type":"","overlay-color":"","overlay-opacity":"","overlay-gradient":""},"tablet":{"background-color":"var(--ast-global-color-5)","background-image":"","background-repeat":"repeat","background-position":"center center","background-size":"auto","background-attachment":"scroll","background-type":"","background-media":"","overlay-type":"","overlay-color":"","overlay-opacity":"","overlay-gradient":""},"mobile":{"background-color":"var(--ast-global-color-5)","background-image":"","background-repeat":"repeat","background-position":"center center","background-size":"auto","background-attachment":"scroll","background-type":"","background-media":"","overlay-type":"","overlay-color":"","overlay-opacity":"","overlay-gradient":""}},"footnotes":""},"class_list":["post-438","page","type-page","status-publish","hentry"],"yoast_head":"<!-- This site is optimized with the Yoast SEO plugin v27.3 - https:\/\/yoast.com\/product\/yoast-seo-wordpress\/ -->\n<title>Blog - DeAaZTur<\/title>\n<meta name=\"robots\" content=\"index, follow, max-snippet:-1, max-image-preview:large, max-video-preview:-1\" \/>\n<link rel=\"canonical\" href=\"https:\/\/www.equilibriodigital.com.br\/deaaztur\/blog\/\" \/>\n<meta property=\"og:locale\" content=\"pt_BR\" \/>\n<meta property=\"og:type\" content=\"article\" \/>\n<meta property=\"og:title\" content=\"Blog - DeAaZTur\" \/>\n<meta property=\"og:description\" content=\"Blog\" \/>\n<meta property=\"og:url\" content=\"https:\/\/www.equilibriodigital.com.br\/deaaztur\/blog\/\" \/>\n<meta property=\"og:site_name\" content=\"DeAaZTur\" \/>\n<meta property=\"article:publisher\" content=\"https:\/\/web.facebook.com\/1524130777852347\" \/>\n<meta property=\"article:modified_time\" content=\"2023-05-16T21:06:07+00:00\" \/>\n<meta name=\"twitter:card\" content=\"summary_large_image\" \/>\n<script type=\"application\/ld+json\" class=\"yoast-schema-graph\">{\"@context\":\"https:\\\/\\\/schema.org\",\"@graph\":[{\"@type\":\"WebPage\",\"@id\":\"https:\\\/\\\/www.equilibriodigital.com.br\\\/deaaztur\\\/blog\\\/\",\"url\":\"https:\\\/\\\/www.equilibriodigital.com.br\\\/deaaztur\\\/blog\\\/\",\"name\":\"Blog - DeAaZTur\",\"isPartOf\":{\"@id\":\"https:\\\/\\\/www.equilibriodigital.com.br\\\/deaaztur\\\/#website\"},\"datePublished\":\"2023-05-16T20:44:13+00:00\",\"dateModified\":\"2023-05-16T21:06:07+00:00\",\"breadcrumb\":{\"@id\":\"https:\\\/\\\/www.equilibriodigital.com.br\\\/deaaztur\\\/blog\\\/#breadcrumb\"},\"inLanguage\":\"pt-BR\",\"potentialAction\":[{\"@type\":\"ReadAction\",\"target\":[\"https:\\\/\\\/www.equilibriodigital.com.br\\\/deaaztur\\\/blog\\\/\"]}]},{\"@type\":\"BreadcrumbList\",\"@id\":\"https:\\\/\\\/www.equilibriodigital.com.br\\\/deaaztur\\\/blog\\\/#breadcrumb\",\"itemListElement\":[{\"@type\":\"ListItem\",\"position\":1,\"name\":\"In\u00edcio\",\"item\":\"https:\\\/\\\/www.equilibriodigital.com.br\\\/deaaztur\\\/\"},{\"@type\":\"ListItem\",\"position\":2,\"name\":\"Blog\"}]},{\"@type\":\"WebSite\",\"@id\":\"https:\\\/\\\/www.equilibriodigital.com.br\\\/deaaztur\\\/#website\",\"url\":\"https:\\\/\\\/www.equilibriodigital.com.br\\\/deaaztur\\\/\",\"name\":\"DeAaZTur\",\"description\":\"Assessoria em documenta\u00e7\u00e3o tur\u00edstica\",\"publisher\":{\"@id\":\"https:\\\/\\\/www.equilibriodigital.com.br\\\/deaaztur\\\/#organization\"},\"potentialAction\":[{\"@type\":\"SearchAction\",\"target\":{\"@type\":\"EntryPoint\",\"urlTemplate\":\"https:\\\/\\\/www.equilibriodigital.com.br\\\/deaaztur\\\/?s={search_term_string}\"},\"query-input\":{\"@type\":\"PropertyValueSpecification\",\"valueRequired\":true,\"valueName\":\"search_term_string\"}}],\"inLanguage\":\"pt-BR\"},{\"@type\":\"Organization\",\"@id\":\"https:\\\/\\\/www.equilibriodigital.com.br\\\/deaaztur\\\/#organization\",\"name\":\"DeAaZTur\",\"url\":\"https:\\\/\\\/www.equilibriodigital.com.br\\\/deaaztur\\\/\",\"logo\":{\"@type\":\"ImageObject\",\"inLanguage\":\"pt-BR\",\"@id\":\"https:\\\/\\\/www.equilibriodigital.com.br\\\/deaaztur\\\/#\\\/schema\\\/logo\\\/image\\\/\",\"url\":\"https:\\\/\\\/www.equilibriodigital.com.br\\\/deaaztur\\\/wp-content\\\/uploads\\\/2023\\\/04\\\/logo_rodape.png\",\"contentUrl\":\"https:\\\/\\\/www.equilibriodigital.com.br\\\/deaaztur\\\/wp-content\\\/uploads\\\/2023\\\/04\\\/logo_rodape.png\",\"width\":244,\"height\":149,\"caption\":\"DeAaZTur\"},\"image\":{\"@id\":\"https:\\\/\\\/www.equilibriodigital.com.br\\\/deaaztur\\\/#\\\/schema\\\/logo\\\/image\\\/\"},\"sameAs\":[\"https:\\\/\\\/web.facebook.com\\\/1524130777852347\"]}]}<\/script>\n<!-- \/ Yoast SEO plugin. -->","yoast_head_json":{"title":"Blog - DeAaZTur","robots":{"index":"index","follow":"follow","max-snippet":"max-snippet:-1","max-image-preview":"max-image-preview:large","max-video-preview":"max-video-preview:-1"},"canonical":"https:\/\/www.equilibriodigital.com.br\/deaaztur\/blog\/","og_locale":"pt_BR","og_type":"article","og_title":"Blog - DeAaZTur","og_description":"Blog","og_url":"https:\/\/www.equilibriodigital.com.br\/deaaztur\/blog\/","og_site_name":"DeAaZTur","article_publisher":"https:\/\/web.facebook.com\/1524130777852347","article_modified_time":"2023-05-16T21:06:07+00:00","twitter_card":"summary_large_image","schema":{"@context":"https:\/\/schema.org","@graph":[{"@type":"WebPage","@id":"https:\/\/www.equilibriodigital.com.br\/deaaztur\/blog\/","url":"https:\/\/www.equilibriodigital.com.br\/deaaztur\/blog\/","name":"Blog - DeAaZTur","isPartOf":{"@id":"https:\/\/www.equilibriodigital.com.br\/deaaztur\/#website"},"datePublished":"2023-05-16T20:44:13+00:00","dateModified":"2023-05-16T21:06:07+00:00","breadcrumb":{"@id":"https:\/\/www.equilibriodigital.com.br\/deaaztur\/blog\/#breadcrumb"},"inLanguage":"pt-BR","potentialAction":[{"@type":"ReadAction","target":["https:\/\/www.equilibriodigital.com.br\/deaaztur\/blog\/"]}]},{"@type":"BreadcrumbList","@id":"https:\/\/www.equilibriodigital.com.br\/deaaztur\/blog\/#breadcrumb","itemListElement":[{"@type":"ListItem","position":1,"name":"In\u00edcio","item":"https:\/\/www.equilibriodigital.com.br\/deaaztur\/"},{"@type":"ListItem","position":2,"name":"Blog"}]},{"@type":"WebSite","@id":"https:\/\/www.equilibriodigital.com.br\/deaaztur\/#website","url":"https:\/\/www.equilibriodigital.com.br\/deaaztur\/","name":"DeAaZTur","description":"Assessoria em documenta\u00e7\u00e3o tur\u00edstica","publisher":{"@id":"https:\/\/www.equilibriodigital.com.br\/deaaztur\/#organization"},"potentialAction":[{"@type":"SearchAction","target":{"@type":"EntryPoint","urlTemplate":"https:\/\/www.equilibriodigital.com.br\/deaaztur\/?s={search_term_string}"},"query-input":{"@type":"PropertyValueSpecification","valueRequired":true,"valueName":"search_term_string"}}],"inLanguage":"pt-BR"},{"@type":"Organization","@id":"https:\/\/www.equilibriodigital.com.br\/deaaztur\/#organization","name":"DeAaZTur","url":"https:\/\/www.equilibriodigital.com.br\/deaaztur\/","logo":{"@type":"ImageObject","inLanguage":"pt-BR","@id":"https:\/\/www.equilibriodigital.com.br\/deaaztur\/#\/schema\/logo\/image\/","url":"https:\/\/www.equilibriodigital.com.br\/deaaztur\/wp-content\/uploads\/2023\/04\/logo_rodape.png","contentUrl":"https:\/\/www.equilibriodigital.com.br\/deaaztur\/wp-content\/uploads\/2023\/04\/logo_rodape.png","width":244,"height":149,"caption":"DeAaZTur"},"image":{"@id":"https:\/\/www.equilibriodigital.com.br\/deaaztur\/#\/schema\/logo\/image\/"},"sameAs":["https:\/\/web.facebook.com\/1524130777852347"]}]}},"_links":{"self":[{"href":"https:\/\/www.equilibriodigital.com.br\/deaaztur\/wp-json\/wp\/v2\/pages\/438","targetHints":{"allow":["GET"]}}],"collection":[{"href":"https:\/\/www.equilibriodigital.com.br\/deaaztur\/wp-json\/wp\/v2\/pages"}],"about":[{"href":"https:\/\/www.equilibriodigital.com.br\/deaaztur\/wp-json\/wp\/v2\/types\/page"}],"author":[{"embeddable":true,"href":"https:\/\/www.equilibriodigital.com.br\/deaaztur\/wp-json\/wp\/v2\/users\/1"}],"replies":[{"embeddable":true,"href":"https:\/\/www.equilibriodigital.com.br\/deaaztur\/wp-json\/wp\/v2\/comments?post=438"}],"version-history":[{"count":13,"href":"https:\/\/www.equilibriodigital.com.br\/deaaztur\/wp-json\/wp\/v2\/pages\/438\/revisions"}],"predecessor-version":[{"id":455,"href":"https:\/\/www.equilibriodigital.com.br\/deaaztur\/wp-json\/wp\/v2\/pages\/438\/revisions\/455"}],"wp:attachment":[{"href":"https:\/\/www.equilibriodigital.com.br\/deaaztur\/wp-json\/wp\/v2\/media?parent=438"}],"curies":[{"name":"wp","href":"https:\/\/api.w.org\/{rel}","templated":true}]}}